{"id":9710,"date":"2016-06-23T12:01:06","date_gmt":"2016-06-23T09:01:06","guid":{"rendered":"https:\/\/www.hotelambient.ro\/restaurante\/"},"modified":"2026-01-29T18:33:38","modified_gmt":"2026-01-29T16:33:38","slug":"restaurante","status":"publish","type":"page","link":"https:\/\/www.hotelambient.ro\/es\/gastronomia\/restaurante\/","title":{"rendered":"Restaurante"},"content":{"rendered":"<div class=\"wpb-content-wrapper\">[vc_row curly_padding=\u00bbcontent-padding\u00bb][vc_column][vc_column_text]\n<h1 class=\"text-uppercase\" style=\"text-align: center;\"><small>DEGUSTE LA MEJOR COCINA<\/small><span style=\"color: #cf0e17;\">RESTAURANTE AMBIENT<\/span><\/h1>\n<p class=\"lead\" style=\"text-align: center;\">Un lugar donde el placer de comer es una invitaci\u00f3n, para saborear en un \u00fanico lugar lo tradicional y lo moderno, lo exquisito y lo popular, lo dulce y lo amargo, para conseguir texturas ins\u00f3litas y sabores exquisitos.<\/p>\n<p style=\"text-align: center;\">En nuestro restaurante se sentir\u00e1n como invitados, disfrutar\u00e1n de la hospitalidad y los sabores de nuestros platos que ofrecen una amplia variedad de sabores que mezclan la mejor tradici\u00f3n rumana e internacional.<\/p>\n<p style=\"text-align: center;\"><a class=\"btn btn-inline\" href=\"https:\/\/www.hotelambient.ro\/wp-content\/uploads\/2016\/08\/hotel_ambient_menu.pdf\" target=\"_blank\" rel=\"noopener noreferrer\">Consulte nuestra carta<\/a><\/p>\n<p><a name=\"team\"><\/a>[\/vc_column_text][\/vc_column][\/vc_row][vc_row css=\u00bb.vc_custom_1769704371787{padding-top: 0px !important;padding-bottom: 0px !important;}\u00bb][vc_column][vc_images_carousel images=\u00bb10473,10482,10481,10480,10479,10478,10477,10476,10475,11613,11616,11619,11622,11625,11628,11631,11634,11637,11640,10483&#8243;][\/vc_column][\/vc_row][vc_row curly_padding=\u00bbcontent-padding\u00bb][vc_column][vc_column_text]\n<h2 style=\"text-align: center;\">Cocina<\/h2>\n<p style=\"text-align: center;\">Los amantes de la gastronom\u00eda tendr\u00e1n la oportunidad de derretirse con nuestros platos tradicionales e internacionales y les recomendamos encarecidamente de probar nuestros platos estrella<\/p>\n[\/vc_column_text][vc_single_image image=\u00bb11730&#8243; img_size=\u00bblarge\u00bb alignment=\u00bbcenter\u00bb][vc_column_text]\n<h3 style=\"text-align: center;\">Nuestros cocineros<\/h3>\n<p style=\"text-align: center;\">La alta profesionalidad, devoci\u00f3n y pasi\u00f3n por la cocina, hacen que cada uno de nuestros platos sea \u00fanico, exquisito.<\/p>\n<p style=\"text-align: center;\">Disfrutamos cada d\u00eda de\u00a0nuestro trabajo porque tratamos\u00a0en todas las ocasiones transformar una simple comida o cena en una experiencia tan agradable y sorprendente para nuestros hu\u00e9spedes.<\/p>\n<p style=\"text-align: center;\">Nuestros cocineros han sido instruidos en Rumania y al extranjero, debido a sus excelentes capacidades\u00a0hemos conseguido a menudo grandes resultados en varios concursos y competiciones, que representan la prueba incontestable de que la cocina rumana puede ofrecerles sabores aut\u00e9nticos y exquisitos procedentes de la tradici\u00f3n gastron\u00f3mica balc\u00e1nica o transilvana.<\/p>\n<p style=\"text-align: center;\">A continuaci\u00f3n, nos tomamos la libertad de compartir con ustedes algunos de nuestros \u00e9xitos:<\/p>\n<p style=\"text-align: center;\"><strong>Turqu\u00eda:\u00a0<\/strong>Concurso Internacional de Gastronom\u00eda para la categor\u00eda junior y senior, donde hemos conseguido una medalla de plata y cuatro medallas de bronce<\/p>\n<p style=\"text-align: center;\"><strong>Eslovenia:\u00a0<\/strong>Pre-selecci\u00f3n para el Concurso Gastron\u00f3mico Mundial de Cocineros Jefes de Dubai, donde hemos conseguido el segundo sitio de los pa\u00edses del este de Europa, Moldavia Sovi\u00e9tica, Alemania (Olimpiada Gastron\u00f3mica).<\/p>\n<p>&nbsp;<\/p>\n<h2 style=\"text-align: center;\">Las Salas<\/h2>\n[\/vc_column_text][\/vc_column][\/vc_row][vc_row curly_padding=\u00bbcontent-padding\u00bb][vc_column width=\u00bb1\/2&#8243;][vc_images_carousel images=\u00bb11340,11343,11346,11334,11337&#8243;][\/vc_column][vc_column width=\u00bb1\/2&#8243;][vc_column_text]Sereis bienvenidos en cualquier momento en nuestro restaurante, en donde, sentados en uno de los 90 asientos, los sabores de la cocina internacional y rumana os llevar\u00e1n los sentidos en un inolvidable viaje gastron\u00f3mico.<\/p>\n<p>El confortable espacio, donde la cocina, la bodega y la sala se encuentran en la armon\u00eda perfecta, ha sido decorado de forma tradicional, a la vez que elegante y discreto, con muebles de alta calidad en estilo italiano.<\/p>\n<p>Con pasi\u00f3n y atenci\u00f3n al detalle hemos creado cuatro salas para que pod\u00e1is disfrutar del ambiente que m\u00e1s os gusta y que pod\u00e1is sentiros como en casa. Nuestro restaurante dispone de una sala principal y 3 salas separadas: una para parejas, una moderna para grupos y una privada para eventos especiales.[\/vc_column_text][\/vc_column][\/vc_row][vc_row curly_padding=\u00bbcontent-padding\u00bb][vc_column width=\u00bb1\/2&#8243;][vc_column_text]\n<h2 class=\"text-center\" style=\"text-align: center;\"><span style=\"color: #cf0e17;\"><i class=\"fas fa-clock-o fa-fw fa-lg\"><\/i><\/span>Horario de apertura<\/h2>\n<p style=\"text-align: center;\">Tanto nuestro restaurante como el bar est\u00e1n abiertos todo el d\u00eda hasta las 22:00.<\/p>\n<p style=\"text-align: center;\">Desayuno:<\/p>\n<p style=\"text-align: center;\">Lunes &#8211; Sabado: 7am &#8211; 10am<\/p>\n<p style=\"text-align: center;\">Domingo: 8am &#8211; 11am<\/p>\n<p style=\"text-align: center;\">Restaurante:<\/p>\n<p style=\"text-align: center;\">Lunes &#8211; Domingo: 10am &#8211; 10pm<\/p>\n[\/vc_column_text][\/vc_column][vc_column width=\u00bb1\/2&#8243;][vc_column_text]\n<h2 class=\"text-center\" style=\"text-align: center;\"><span style=\"color: #cf0e17;\"><i class=\"fas fa-book fa-fw fa-lg\"><\/i><\/span>Reservas<\/h2>\n<p style=\"text-align: center;\">Estamos encantados de atenderles y hacerles disfrutar de nuestra cocina.<\/p>\n<p style=\"text-align: center;\"><a href=\"tel:0040268471747\">004 0268 471747<\/a><br \/>\n<a href=\"mailto:reservations@hotelambient.ro\">reservations@hotelambient.ro<\/a><\/p>\n[\/vc_column_text][\/vc_column][\/vc_row][vc_row css=\u00bb.vc_custom_1769704415421{padding-top: 0px !important;padding-bottom: 0px !important;}\u00bb][vc_column][vc_raw_html]JTNDc2NyaXB0JTIwdHlwZSUzRCUyMnRleHQlMkZqYXZhc2NyaXB0JTIyJTIwc3JjJTNEJTIyaHR0cHMlM0ElMkYlMkZvcGVuLnVwcGVyYm9va2luZy5jb20lMkZob3RlbGFtYmllbnQlMkZCb29raW5nLmpzJTNGbG9jYWxlJTNEZXMlMjIlM0UlM0MlMkZzY3JpcHQlM0U=[\/vc_raw_html][\/vc_column][\/vc_row]\n<\/div>","protected":false},"excerpt":{"rendered":"<p>[vc_row curly_padding=\u00bbcontent-padding\u00bb][vc_column][vc_column_text] DEGUSTE LA MEJOR COCINARESTAURANTE AMBIENT Un lugar donde el placer de comer es una invitaci\u00f3n, para saborear en un \u00fanico lugar lo tradicional y lo moderno, lo exquisito y lo popular, lo dulce y lo amargo, para conseguir texturas ins\u00f3litas y sabores exquisitos. En nuestro restaurante se sentir\u00e1n como invitados, disfrutar\u00e1n de la hospitalidad y los sabores de nuestros platos que ofrecen una amplia variedad de sabores que mezclan la mejor tradici\u00f3n rumana e internacional. Consulte nuestra carta [\/vc_column_text][\/vc_column][\/vc_row][vc_row css=\u00bb.vc_custom_1769704371787{padding-top: 0px !important;padding-bottom: 0px !important;}\u00bb][vc_column][vc_images_carousel images=\u00bb10473,10482,10481,10480,10479,10478,10477,10476,10475,11613,11616,11619,11622,11625,11628,11631,11634,11637,11640,10483&#8243;][\/vc_column][\/vc_row][vc_row curly_padding=\u00bbcontent-padding\u00bb][vc_column][vc_column_text] Cocina Los amantes de la gastronom\u00eda tendr\u00e1n la oportunidad de derretirse con nuestros platos tradicionales e internacionales y les recomendamos encarecidamente de probar nuestros platos estrella [\/vc_column_text][vc_single_image [&hellip;]<\/p>\n","protected":false},"author":1,"featured_media":0,"parent":9817,"menu_order":1,"comment_status":"closed","ping_status":"closed","template":"","meta":{"footnotes":""},"class_list":["post-9710","page","type-page","status-publish","hentry"],"yoast_head":"<!-- This site is optimized with the Yoast SEO plugin v26.9 - https:\/\/yoast.com\/product\/yoast-seo-wordpress\/ -->\n<title>Restaurante | Hotel Ambient Brasov - Cazare \u00een centrul ora\u0219ului<\/title>\n<meta name=\"robots\" content=\"index, follow, max-snippet:-1, max-image-preview:large, max-video-preview:-1\" \/>\n<link rel=\"canonical\" href=\"https:\/\/www.hotelambient.ro\/es\/gastronomia\/restaurante\/\" \/>\n<meta property=\"og:locale\" content=\"es_ES\" \/>\n<meta property=\"og:type\" content=\"article\" \/>\n<meta property=\"og:title\" content=\"Restaurante | Hotel Ambient Brasov - Cazare \u00een centrul ora\u0219ului\" \/>\n<meta property=\"og:description\" content=\"[vc_row curly_padding=\u00bbcontent-padding\u00bb][vc_column][vc_column_text] DEGUSTE LA MEJOR COCINARESTAURANTE AMBIENT Un lugar donde el placer de comer es una invitaci\u00f3n, para saborear en un \u00fanico lugar lo tradicional y lo moderno, lo exquisito y lo popular, lo dulce y lo amargo, para conseguir texturas ins\u00f3litas y sabores exquisitos. En nuestro restaurante se sentir\u00e1n como invitados, disfrutar\u00e1n de la hospitalidad y los sabores de nuestros platos que ofrecen una amplia variedad de sabores que mezclan la mejor tradici\u00f3n rumana e internacional. Consulte nuestra carta [\/vc_column_text][\/vc_column][\/vc_row][vc_row css=\u00bb.vc_custom_1769704371787{padding-top: 0px !important;padding-bottom: 0px !important;}\u00bb][vc_column][vc_images_carousel images=\u00bb10473,10482,10481,10480,10479,10478,10477,10476,10475,11613,11616,11619,11622,11625,11628,11631,11634,11637,11640,10483&#8243;][\/vc_column][\/vc_row][vc_row curly_padding=\u00bbcontent-padding\u00bb][vc_column][vc_column_text] Cocina Los amantes de la gastronom\u00eda tendr\u00e1n la oportunidad de derretirse con nuestros platos tradicionales e internacionales y les recomendamos encarecidamente de probar nuestros platos estrella [\/vc_column_text][vc_single_image [&hellip;]\" \/>\n<meta property=\"og:url\" content=\"https:\/\/www.hotelambient.ro\/es\/gastronomia\/restaurante\/\" \/>\n<meta property=\"og:site_name\" content=\"Hotel Ambient Brasov - Cazare \u00een centrul ora\u0219ului\" \/>\n<meta property=\"article:modified_time\" content=\"2026-01-29T16:33:38+00:00\" \/>\n<meta name=\"twitter:card\" content=\"summary_large_image\" \/>\n<meta name=\"twitter:label1\" content=\"Tiempo de lectura\" \/>\n\t<meta name=\"twitter:data1\" content=\"3 minutos\" \/>\n<script type=\"application\/ld+json\" class=\"yoast-schema-graph\">{\"@context\":\"https:\/\/schema.org\",\"@graph\":[{\"@type\":\"WebPage\",\"@id\":\"https:\/\/www.hotelambient.ro\/es\/gastronomia\/restaurante\/\",\"url\":\"https:\/\/www.hotelambient.ro\/es\/gastronomia\/restaurante\/\",\"name\":\"Restaurante | Hotel Ambient Brasov - Cazare \u00een centrul ora\u0219ului\",\"isPartOf\":{\"@id\":\"https:\/\/www.hotelambient.ro\/es\/#website\"},\"datePublished\":\"2016-06-23T09:01:06+00:00\",\"dateModified\":\"2026-01-29T16:33:38+00:00\",\"breadcrumb\":{\"@id\":\"https:\/\/www.hotelambient.ro\/es\/gastronomia\/restaurante\/#breadcrumb\"},\"inLanguage\":\"es\",\"potentialAction\":[{\"@type\":\"ReadAction\",\"target\":[\"https:\/\/www.hotelambient.ro\/es\/gastronomia\/restaurante\/\"]}]},{\"@type\":\"BreadcrumbList\",\"@id\":\"https:\/\/www.hotelambient.ro\/es\/gastronomia\/restaurante\/#breadcrumb\",\"itemListElement\":[{\"@type\":\"ListItem\",\"position\":1,\"name\":\"Home\",\"item\":\"https:\/\/www.hotelambient.ro\/es\/\"},{\"@type\":\"ListItem\",\"position\":2,\"name\":\"Gastronom\u00eda\",\"item\":\"https:\/\/www.hotelambient.ro\/es\/gastronomia\/\"},{\"@type\":\"ListItem\",\"position\":3,\"name\":\"Restaurante\"}]},{\"@type\":\"WebSite\",\"@id\":\"https:\/\/www.hotelambient.ro\/es\/#website\",\"url\":\"https:\/\/www.hotelambient.ro\/es\/\",\"name\":\"Hotel Ambient Brasov - Cazare \u00een centrul ora\u0219ului\",\"description\":\"Hotel moderno y acogedor en el centro de Brasov con todas las comodidades que puedas necesitar durante tu estancia en la ciudad y unas de las mejores habitaciones\",\"publisher\":{\"@id\":\"https:\/\/www.hotelambient.ro\/es\/#organization\"},\"potentialAction\":[{\"@type\":\"SearchAction\",\"target\":{\"@type\":\"EntryPoint\",\"urlTemplate\":\"https:\/\/www.hotelambient.ro\/es\/?s={search_term_string}\"},\"query-input\":{\"@type\":\"PropertyValueSpecification\",\"valueRequired\":true,\"valueName\":\"search_term_string\"}}],\"inLanguage\":\"es\"},{\"@type\":\"Organization\",\"@id\":\"https:\/\/www.hotelambient.ro\/es\/#organization\",\"name\":\"Ambient Hotels\",\"url\":\"https:\/\/www.hotelambient.ro\/es\/\",\"logo\":{\"@type\":\"ImageObject\",\"inLanguage\":\"es\",\"@id\":\"https:\/\/www.hotelambient.ro\/es\/#\/schema\/logo\/image\/\",\"url\":\"https:\/\/www.hotelambient.ro\/wp-content\/uploads\/2016\/07\/Logo001-copia-2.png\",\"contentUrl\":\"https:\/\/www.hotelambient.ro\/wp-content\/uploads\/2016\/07\/Logo001-copia-2.png\",\"width\":300,\"height\":114,\"caption\":\"Ambient Hotels\"},\"image\":{\"@id\":\"https:\/\/www.hotelambient.ro\/es\/#\/schema\/logo\/image\/\"}}]}<\/script>\n<!-- \/ Yoast SEO plugin. -->","yoast_head_json":{"title":"Restaurante | Hotel Ambient Brasov - Cazare \u00een centrul ora\u0219ului","robots":{"index":"index","follow":"follow","max-snippet":"max-snippet:-1","max-image-preview":"max-image-preview:large","max-video-preview":"max-video-preview:-1"},"canonical":"https:\/\/www.hotelambient.ro\/es\/gastronomia\/restaurante\/","og_locale":"es_ES","og_type":"article","og_title":"Restaurante | Hotel Ambient Brasov - Cazare \u00een centrul ora\u0219ului","og_description":"[vc_row curly_padding=\u00bbcontent-padding\u00bb][vc_column][vc_column_text] DEGUSTE LA MEJOR COCINARESTAURANTE AMBIENT Un lugar donde el placer de comer es una invitaci\u00f3n, para saborear en un \u00fanico lugar lo tradicional y lo moderno, lo exquisito y lo popular, lo dulce y lo amargo, para conseguir texturas ins\u00f3litas y sabores exquisitos. En nuestro restaurante se sentir\u00e1n como invitados, disfrutar\u00e1n de la hospitalidad y los sabores de nuestros platos que ofrecen una amplia variedad de sabores que mezclan la mejor tradici\u00f3n rumana e internacional. Consulte nuestra carta [\/vc_column_text][\/vc_column][\/vc_row][vc_row css=\u00bb.vc_custom_1769704371787{padding-top: 0px !important;padding-bottom: 0px !important;}\u00bb][vc_column][vc_images_carousel images=\u00bb10473,10482,10481,10480,10479,10478,10477,10476,10475,11613,11616,11619,11622,11625,11628,11631,11634,11637,11640,10483&#8243;][\/vc_column][\/vc_row][vc_row curly_padding=\u00bbcontent-padding\u00bb][vc_column][vc_column_text] Cocina Los amantes de la gastronom\u00eda tendr\u00e1n la oportunidad de derretirse con nuestros platos tradicionales e internacionales y les recomendamos encarecidamente de probar nuestros platos estrella [\/vc_column_text][vc_single_image [&hellip;]","og_url":"https:\/\/www.hotelambient.ro\/es\/gastronomia\/restaurante\/","og_site_name":"Hotel Ambient Brasov - Cazare \u00een centrul ora\u0219ului","article_modified_time":"2026-01-29T16:33:38+00:00","twitter_card":"summary_large_image","twitter_misc":{"Tiempo de lectura":"3 minutos"},"schema":{"@context":"https:\/\/schema.org","@graph":[{"@type":"WebPage","@id":"https:\/\/www.hotelambient.ro\/es\/gastronomia\/restaurante\/","url":"https:\/\/www.hotelambient.ro\/es\/gastronomia\/restaurante\/","name":"Restaurante | Hotel Ambient Brasov - Cazare \u00een centrul ora\u0219ului","isPartOf":{"@id":"https:\/\/www.hotelambient.ro\/es\/#website"},"datePublished":"2016-06-23T09:01:06+00:00","dateModified":"2026-01-29T16:33:38+00:00","breadcrumb":{"@id":"https:\/\/www.hotelambient.ro\/es\/gastronomia\/restaurante\/#breadcrumb"},"inLanguage":"es","potentialAction":[{"@type":"ReadAction","target":["https:\/\/www.hotelambient.ro\/es\/gastronomia\/restaurante\/"]}]},{"@type":"BreadcrumbList","@id":"https:\/\/www.hotelambient.ro\/es\/gastronomia\/restaurante\/#breadcrumb","itemListElement":[{"@type":"ListItem","position":1,"name":"Home","item":"https:\/\/www.hotelambient.ro\/es\/"},{"@type":"ListItem","position":2,"name":"Gastronom\u00eda","item":"https:\/\/www.hotelambient.ro\/es\/gastronomia\/"},{"@type":"ListItem","position":3,"name":"Restaurante"}]},{"@type":"WebSite","@id":"https:\/\/www.hotelambient.ro\/es\/#website","url":"https:\/\/www.hotelambient.ro\/es\/","name":"Hotel Ambient Brasov - Cazare \u00een centrul ora\u0219ului","description":"Hotel moderno y acogedor en el centro de Brasov con todas las comodidades que puedas necesitar durante tu estancia en la ciudad y unas de las mejores habitaciones","publisher":{"@id":"https:\/\/www.hotelambient.ro\/es\/#organization"},"potentialAction":[{"@type":"SearchAction","target":{"@type":"EntryPoint","urlTemplate":"https:\/\/www.hotelambient.ro\/es\/?s={search_term_string}"},"query-input":{"@type":"PropertyValueSpecification","valueRequired":true,"valueName":"search_term_string"}}],"inLanguage":"es"},{"@type":"Organization","@id":"https:\/\/www.hotelambient.ro\/es\/#organization","name":"Ambient Hotels","url":"https:\/\/www.hotelambient.ro\/es\/","logo":{"@type":"ImageObject","inLanguage":"es","@id":"https:\/\/www.hotelambient.ro\/es\/#\/schema\/logo\/image\/","url":"https:\/\/www.hotelambient.ro\/wp-content\/uploads\/2016\/07\/Logo001-copia-2.png","contentUrl":"https:\/\/www.hotelambient.ro\/wp-content\/uploads\/2016\/07\/Logo001-copia-2.png","width":300,"height":114,"caption":"Ambient Hotels"},"image":{"@id":"https:\/\/www.hotelambient.ro\/es\/#\/schema\/logo\/image\/"}}]}},"_links":{"self":[{"href":"https:\/\/www.hotelambient.ro\/es\/wp-json\/wp\/v2\/pages\/9710","targetHints":{"allow":["GET"]}}],"collection":[{"href":"https:\/\/www.hotelambient.ro\/es\/wp-json\/wp\/v2\/pages"}],"about":[{"href":"https:\/\/www.hotelambient.ro\/es\/wp-json\/wp\/v2\/types\/page"}],"author":[{"embeddable":true,"href":"https:\/\/www.hotelambient.ro\/es\/wp-json\/wp\/v2\/users\/1"}],"replies":[{"embeddable":true,"href":"https:\/\/www.hotelambient.ro\/es\/wp-json\/wp\/v2\/comments?post=9710"}],"version-history":[{"count":0,"href":"https:\/\/www.hotelambient.ro\/es\/wp-json\/wp\/v2\/pages\/9710\/revisions"}],"up":[{"embeddable":true,"href":"https:\/\/www.hotelambient.ro\/es\/wp-json\/wp\/v2\/pages\/9817"}],"wp:attachment":[{"href":"https:\/\/www.hotelambient.ro\/es\/wp-json\/wp\/v2\/media?parent=9710"}],"curies":[{"name":"wp","href":"https:\/\/api.w.org\/{rel}","templated":true}]}}