{"id":9694,"date":"2014-09-14T09:21:57","date_gmt":"2014-09-14T06:21:57","guid":{"rendered":"https:\/\/www.hotelambient.ro\/salas-de-reuniones\/"},"modified":"2026-01-28T19:30:41","modified_gmt":"2026-01-28T17:30:41","slug":"salas-de-reuniones","status":"publish","type":"page","link":"https:\/\/www.hotelambient.ro\/es\/hotel-servicios\/salas-de-reuniones\/","title":{"rendered":"Salas de Reuniones"},"content":{"rendered":"<div class=\"wpb-content-wrapper\">[vc_row css=\u00bb.vc_custom_1468517435504{margin-bottom: -90px !important;}\u00bb][vc_column][vc_column_text]\n<h2 style=\"text-align: center;\"><span style=\"color: #cf0e17;\">\u00a1S\u00f3lo una organizaci\u00f3n perfecta\u00a0puede trasformar cualquier reuni\u00f3n en un evento memorable!<\/span><small>Somos especialistas en combinar las salas ideales para reuniones con los servicios impecables y las comodidades de m\u00e1xima importancia.<\/small><\/h2>\n<p class=\"lead\" style=\"text-align: center;\">Ambient es l\u00edder en la organizaci\u00f3n, innovaci\u00f3n y personalizaci\u00f3n de reuniones, incentivos, conferencias, lanzamiento de productos o eventos corporativos y sabemos que nos hab\u00e9is elegido para aportar un gran valor diferencial a sus actividades.<\/p>\n<p class=\"lead\" style=\"text-align: center;\">La excelencia en la ejecuci\u00f3n de cualquier tipo de evento es nuestra raz\u00f3n de ser y por ello, ponemos a la disposici\u00f3n de nuestros invitados 4 salas de conferencias:<\/p>\n[\/vc_column_text][\/vc_column][\/vc_row][vc_row css=\u00bb.vc_custom_1468629304994{margin-top: -50px !important;margin-bottom: -160px !important;}\u00bb][vc_column]<ul class=\"list-inline isotope-filter clearfix\" id=\"isotope-filter-1\"><li><strong><\/strong><\/li><li class=\"selected\" data-filter=\"*\"><a href=\"#\">Todas<\/a><\/li><li><a href=\"#\" data-filter=\".entre-120-y-55-personas\">Entre 120 Y 55 Personas<\/a><\/li><li><a href=\"#\" data-filter=\".entre-55-y-25-personas\"> Entre 55 Y 25 Personas<\/a><\/li><li><a href=\"#\" data-filter=\".menos-de-25-personas\"> Menos De 25 Personas<\/a><\/li><\/ul><br><div id=\"isotope-1\" class=\"isotope\" data-isotope-options=\"{ \"layoutMode\": \"horizontal\", \"itemSelector\": \".item\" }\"><div class=\"item entre-120-y-55-personas \">\n        <a href=\"\/es\/hotel-servicios\/salas-de-reuniones\/sala-fortuna\/\" class=\"link-image\" target=\"_self\"><img loading=\"lazy\" decoding=\"async\" width=\"400\" height=\"245\" src=\"https:\/\/www.hotelambient.ro\/wp-content\/uploads\/2014\/09\/salafortuna.jpg\" class=\"attachment-large size-large\" alt=\"\" srcset=\"https:\/\/www.hotelambient.ro\/wp-content\/uploads\/2014\/09\/salafortuna.jpg 400w, https:\/\/www.hotelambient.ro\/wp-content\/uploads\/2014\/09\/salafortuna-300x184.jpg 300w\" sizes=\"auto, (max-width: 400px) 100vw, 400px\" \/><\/a>\n      <div class=\"item-content\">\n    <h4><a href=\"\/es\/hotel-servicios\/salas-de-reuniones\/sala-fortuna\/\" target=\"_self\">Sala Fortuna<\/a><\/h4>    Capacidad para 120 personas  <\/div>\n  <\/div>\n<div class=\"item entre-120-y-55-personas entre-55-y-25-personas \">\n        <a href=\"\/es\/hotel-servicios\/salas-de-reuniones\/sala-millenia\/\" class=\"link-image\" target=\"_self\"><img loading=\"lazy\" decoding=\"async\" width=\"400\" height=\"245\" src=\"https:\/\/www.hotelambient.ro\/wp-content\/uploads\/2022\/07\/Sala-Millenia-U-shape-3-scaled-1.jpg\" class=\"attachment-large size-large\" alt=\"\" srcset=\"https:\/\/www.hotelambient.ro\/wp-content\/uploads\/2022\/07\/Sala-Millenia-U-shape-3-scaled-1.jpg 400w, https:\/\/www.hotelambient.ro\/wp-content\/uploads\/2022\/07\/Sala-Millenia-U-shape-3-scaled-1-300x184.jpg 300w\" sizes=\"auto, (max-width: 400px) 100vw, 400px\" \/><\/a>\n      <div class=\"item-content\">\n    <h4><a href=\"\/es\/hotel-servicios\/salas-de-reuniones\/sala-millenia\/\" target=\"_self\">Sala Millenia<\/a><\/h4>    Capacidad para 50 personas  <\/div>\n  <\/div>\n<div class=\"item entre-40-y-25-personas menos-de-15-personas \">\n        <a href=\"\/es\/hotel-servicios\/salas-de-reuniones\/sala-avantgarde\/\" class=\"link-image\" target=\"_self\"><img loading=\"lazy\" decoding=\"async\" width=\"400\" height=\"245\" src=\"https:\/\/www.hotelambient.ro\/wp-content\/uploads\/2014\/09\/salaavantgarde.jpg\" class=\"attachment-large size-large\" alt=\"\" srcset=\"https:\/\/www.hotelambient.ro\/wp-content\/uploads\/2014\/09\/salaavantgarde.jpg 400w, https:\/\/www.hotelambient.ro\/wp-content\/uploads\/2014\/09\/salaavantgarde-300x184.jpg 300w\" sizes=\"auto, (max-width: 400px) 100vw, 400px\" \/><\/a>\n      <div class=\"item-content\">\n    <h4><a href=\"\/es\/hotel-servicios\/salas-de-reuniones\/sala-avantgarde\/\" target=\"_self\">Sala Avant-garde<\/a><\/h4>    Capacidad para 40 personas  <\/div>\n  <\/div>\n<div class=\"item menos-de-15-personas \">\n        <a href=\"\/es\/hotel-servicios\/salas-de-reuniones\/sala-ronda\/\" class=\"link-image\" target=\"_self\"><img loading=\"lazy\" decoding=\"async\" width=\"400\" height=\"245\" src=\"https:\/\/www.hotelambient.ro\/wp-content\/uploads\/2014\/09\/salaronda.jpg\" class=\"attachment-large size-large\" alt=\"\" srcset=\"https:\/\/www.hotelambient.ro\/wp-content\/uploads\/2014\/09\/salaronda.jpg 400w, https:\/\/www.hotelambient.ro\/wp-content\/uploads\/2014\/09\/salaronda-300x184.jpg 300w\" sizes=\"auto, (max-width: 400px) 100vw, 400px\" \/><\/a>\n      <div class=\"item-content\">\n    <h4><a href=\"\/es\/hotel-servicios\/salas-de-reuniones\/sala-ronda\/\" target=\"_self\">Sala Ronda<\/a><\/h4>    Capacidad para 15 personas  <\/div>\n  <\/div>\n<\/div><script type='text\/javascript'>( function( $ ) { $( document ).ready(function() {\n\t\t\t\tvar container = $('#isotope-1')\n\t\t\t\tcontainer.imagesLoaded(function(){\n\t\t\t\t\tcontainer.isotope();\n\t\t\t\t\t$('#isotope-filter-1 a').on('click', function (e) {\n\t\t\t\t\t\te.preventDefault();\n\t\t\t\t\t\tvar filterValue = $(this).attr('data-filter');\n\t\t\t\t\t\t$('#isotope-1').isotope({ layoutMode: 'fitRows', filter: filterValue });\n\t\t\t\t\t\t$(this).parent().siblings().removeClass('selected');\n\t\t\t\t\t\t$(this).parent().addClass('selected');\n\t\t\t\t\t});\n\t\t\t\t});\n\t\t\t}); } )( jQuery );<\/script>[\/vc_column][\/vc_row][vc_row css=\u00bb.vc_custom_1468629246192{margin-top: -30px !important;margin-bottom: -120px !important;}\u00bb][vc_column][vc_column_text]\n<p class=\"lead\" style=\"text-align: center;\">Las salas est\u00e1n dotadas con video proyectores, sistemas multimedia y mobiliario de calidad superior (madera masiva y cuero) que completan la atmosfera business.<\/p>\n<p class=\"lead\" style=\"text-align: center;\">Nuestro excelente restaurante ser\u00e1 tambi\u00e9n protagonista y a su disposici\u00f3n para ofrecer la garant\u00eda de un evento que roza la perfecci\u00f3n.<\/p>\n[\/vc_column_text][\/vc_column][\/vc_row][vc_row][vc_column]\n\t\t\t\t<p class=\"rs-p-wp-fix\"><\/p>\n\t\t\t\t<sr7-module data-alias=\"salas\" data-id=\"6\" id=\"SR7_6_1\" class=\"rs-ov-hidden\" data-version=\"6.7.37\">\n\t\t\t\t\t<sr7-adjuster><\/sr7-adjuster>\n\t\t\t\t\t<sr7-content>\n\t\t\t\t\t\t<sr7-slide id=\"SR7_6_1-6\" data-key=\"6\">\n\t\t\t\t\t\t\t<sr7-bg id=\"SR7_6_1-6-1\" class=\"sr7-layer\"><noscript><img decoding=\"async\" src=\"https:\/\/www.hotelambient.ro\/wp-content\/uploads\/2014\/09\/Ambient_Hotel_General_0003.jpg\" alt=\"\" title=\"Ambient_Hotel_General_0003\"><\/noscript><\/sr7-bg>\n\t\t\t\t\t\t<\/sr7-slide>\n\t\t\t\t\t\t<sr7-slide id=\"SR7_6_1-7\" data-key=\"7\">\n\t\t\t\t\t\t\t<sr7-bg id=\"SR7_6_1-7-1\" class=\"sr7-layer\"><noscript><img decoding=\"async\" src=\"https:\/\/www.hotelambient.ro\/wp-content\/uploads\/2019\/10\/ambient-exclusive-hotel-ambient.jpg\" alt=\"\" title=\"ambient-exclusive-hotel-ambient\"><\/noscript><\/sr7-bg>\n\t\t\t\t\t\t<\/sr7-slide>\n\t\t\t\t\t\t<sr7-slide id=\"SR7_6_1-40\" data-key=\"40\">\n\t\t\t\t\t\t<\/sr7-slide>\n\t\t\t\t\t<\/sr7-content>\n\t\t\t\t\t<image_lists style=\"display:none\">\n\t\t\t\t\t\t<img data-src=\"\/\/www.hotelambient.ro\/wp-content\/uploads\/2014\/09\/Ambient_Hotel_General_0003.jpg\" data-libid=\"3838\" data-lib=\"medialibrary\" title=\"Ambient_Hotel_General_0003\" width=\"0\" height=\"0\" data-dbsrc=\"Ly93d3cuaG90ZWxhbWJpZW50LnJvL3dwLWNvbnRlbnQvdXBsb2Fkcy8yMDE0LzA5L0FtYmllbnRfSG90ZWxfR2VuZXJhbF8wMDAzLmpwZw==\"\/>\n\t\t\t\t\t\t<img data-src=\"\/\/www.hotelambient.ro\/wp-content\/uploads\/2019\/10\/ambient-exclusive-hotel-ambient.jpg\" data-libid=\"7778\" data-lib=\"medialibrary\" title=\"ambient-exclusive-hotel-ambient\" width=\"0\" height=\"0\" data-dbsrc=\"Ly93d3cuaG90ZWxhbWJpZW50LnJvL3dwLWNvbnRlbnQvdXBsb2Fkcy8yMDE5LzEwL2FtYmllbnQtZXhjbHVzaXZlLWhvdGVsLWFtYmllbnQuanBn\"\/>\n\t\t\t\t\t\t<img data-src=\"\/\/hotelambient.hotelsperformance.net\/wp-content\/uploads\/revslider\/salas\/Bsalaavantgarde.jpg\" width=\"0\" height=\"0\" data-dbsrc=\"Ly9ob3RlbGFtYmllbnQuaG90ZWxzcGVyZm9ybWFuY2UubmV0L3dwLWNvbnRlbnQvdXBsb2Fkcy9yZXZzbGlkZXIvc2FsYXMvQnNhbGFhdmFudGdhcmRlLmpwZw==\"\/>\n\t\t\t\t\t\t<img data-src=\"\/\/hotelambient.hotelsperformance.net\/wp-content\/uploads\/revslider\/salas\/Bsalaronda2.jpg\" width=\"0\" height=\"0\" data-dbsrc=\"Ly9ob3RlbGFtYmllbnQuaG90ZWxzcGVyZm9ybWFuY2UubmV0L3dwLWNvbnRlbnQvdXBsb2Fkcy9yZXZzbGlkZXIvc2FsYXMvQnNhbGFyb25kYTIuanBn\"\/>\n\t\t\t\t\t<\/image_lists>\n\t\t\t\t<\/sr7-module>\n\t\t\t\t<script>\n\t\t\t\t\tSR7.PMH ??={}; SR7.PMH[\"SR7_6_1\"] = {cn:100,state:false,fn: function() { if (_tpt!==undefined && _tpt.prepareModuleHeight !== undefined) {  _tpt.prepareModuleHeight({id:\"SR7_6_1\",el:[800,800,768,960,720],type:'standard',shdw:'0',gh:[800,800,410,312,192],gw:[2000,2000,1024,778,480],vpt:['-200px'],size:{fullWidth:true, fullHeight:false},mh:'0',onh:0,onw:0,bg:{color:'{\"orig\":\"transparent\",\"type\":\"solid\",\"string\":\"transparent\"}'},plType:'0',plColor:'#FFFFFF'});   SR7.PMH[\"SR7_6_1\"].state=true;} else if(SR7.PMH[\"SR7_6_1\"].cn-->0)\tsetTimeout( SR7.PMH[\"SR7_6_1\"].fn,19);}};SR7.PMH[\"SR7_6_1\" ].fn();\n\t\t\t\t<\/script>\n[\/vc_column][\/vc_row][vc_row css=\u00bb.vc_custom_1470427219608{margin-top: -200px !important;}\u00bb][vc_column][vc_raw_html]JTNDc2NyaXB0JTIwdHlwZSUzRCUyMnRleHQlMkZqYXZhc2NyaXB0JTIyJTIwc3JjJTNEJTIyaHR0cHMlM0ElMkYlMkZvcGVuLnVwcGVyYm9va2luZy5jb20lMkZob3RlbGFtYmllbnQlMkZCb29raW5nLmpzJTNGbG9jYWxlJTNEZXMlMjIlM0UlM0MlMkZzY3JpcHQlM0U=[\/vc_raw_html][\/vc_column][\/vc_row]\n<\/div>","protected":false},"excerpt":{"rendered":"<p>[vc_row css=\u00bb.vc_custom_1468517435504{margin-bottom: -90px !important;}\u00bb][vc_column][vc_column_text] \u00a1S\u00f3lo una organizaci\u00f3n perfecta\u00a0puede trasformar cualquier reuni\u00f3n en un evento memorable!Somos especialistas en combinar las salas ideales para reuniones con los servicios impecables y las comodidades de m\u00e1xima importancia. Ambient es l\u00edder en la organizaci\u00f3n, innovaci\u00f3n y personalizaci\u00f3n de reuniones, incentivos, conferencias, lanzamiento de productos o eventos corporativos y sabemos que nos hab\u00e9is elegido para aportar un gran valor diferencial a sus actividades. La excelencia en la ejecuci\u00f3n de cualquier tipo de evento es nuestra raz\u00f3n de ser y por ello, ponemos a la disposici\u00f3n de nuestros invitados 4 salas de conferencias: [\/vc_column_text][\/vc_column][\/vc_row][vc_row css=\u00bb.vc_custom_1468629304994{margin-top: -50px !important;margin-bottom: -160px !important;}\u00bb][vc_column][\/vc_column][\/vc_row][vc_row css=\u00bb.vc_custom_1468629246192{margin-top: -30px !important;margin-bottom: -120px !important;}\u00bb][vc_column][vc_column_text] Las salas est\u00e1n dotadas con video proyectores, sistemas [&hellip;]<\/p>\n","protected":false},"author":1,"featured_media":0,"parent":9667,"menu_order":3,"comment_status":"closed","ping_status":"closed","template":"","meta":{"footnotes":""},"class_list":["post-9694","page","type-page","status-publish","hentry"],"yoast_head":"<!-- This site is optimized with the Yoast SEO plugin v27.5 - https:\/\/yoast.com\/product\/yoast-seo-wordpress\/ -->\n<title>Salas de Reuniones | Hotel Ambient Brasov - Cazare \u00een centrul ora\u0219ului<\/title>\n<meta name=\"robots\" content=\"index, follow, max-snippet:-1, max-image-preview:large, max-video-preview:-1\" \/>\n<link rel=\"canonical\" href=\"https:\/\/www.hotelambient.ro\/es\/hotel-servicios\/salas-de-reuniones\/\" \/>\n<meta property=\"og:locale\" content=\"es_ES\" \/>\n<meta property=\"og:type\" content=\"article\" \/>\n<meta property=\"og:title\" content=\"Salas de Reuniones | Hotel Ambient Brasov - Cazare \u00een centrul ora\u0219ului\" \/>\n<meta property=\"og:description\" content=\"[vc_row css=\u00bb.vc_custom_1468517435504{margin-bottom: -90px !important;}\u00bb][vc_column][vc_column_text] \u00a1S\u00f3lo una organizaci\u00f3n perfecta\u00a0puede trasformar cualquier reuni\u00f3n en un evento memorable!Somos especialistas en combinar las salas ideales para reuniones con los servicios impecables y las comodidades de m\u00e1xima importancia. Ambient es l\u00edder en la organizaci\u00f3n, innovaci\u00f3n y personalizaci\u00f3n de reuniones, incentivos, conferencias, lanzamiento de productos o eventos corporativos y sabemos que nos hab\u00e9is elegido para aportar un gran valor diferencial a sus actividades. La excelencia en la ejecuci\u00f3n de cualquier tipo de evento es nuestra raz\u00f3n de ser y por ello, ponemos a la disposici\u00f3n de nuestros invitados 4 salas de conferencias: [\/vc_column_text][\/vc_column][\/vc_row][vc_row css=\u00bb.vc_custom_1468629304994{margin-top: -50px !important;margin-bottom: -160px !important;}\u00bb][vc_column][\/vc_column][\/vc_row][vc_row css=\u00bb.vc_custom_1468629246192{margin-top: -30px !important;margin-bottom: -120px !important;}\u00bb][vc_column][vc_column_text] Las salas est\u00e1n dotadas con video proyectores, sistemas [&hellip;]\" \/>\n<meta property=\"og:url\" content=\"https:\/\/www.hotelambient.ro\/es\/hotel-servicios\/salas-de-reuniones\/\" \/>\n<meta property=\"og:site_name\" content=\"Hotel Ambient Brasov - Cazare \u00een centrul ora\u0219ului\" \/>\n<meta property=\"article:modified_time\" content=\"2026-01-28T17:30:41+00:00\" \/>\n<meta name=\"twitter:card\" content=\"summary_large_image\" \/>\n<meta name=\"twitter:label1\" content=\"Tiempo de lectura\" \/>\n\t<meta name=\"twitter:data1\" content=\"2 minutos\" \/>\n<script type=\"application\/ld+json\" class=\"yoast-schema-graph\">{\"@context\":\"https:\\\/\\\/schema.org\",\"@graph\":[{\"@type\":\"WebPage\",\"@id\":\"https:\\\/\\\/www.hotelambient.ro\\\/es\\\/hotel-servicios\\\/salas-de-reuniones\\\/\",\"url\":\"https:\\\/\\\/www.hotelambient.ro\\\/es\\\/hotel-servicios\\\/salas-de-reuniones\\\/\",\"name\":\"Salas de Reuniones | Hotel Ambient Brasov - Cazare \u00een centrul ora\u0219ului\",\"isPartOf\":{\"@id\":\"https:\\\/\\\/www.hotelambient.ro\\\/es\\\/#website\"},\"datePublished\":\"2014-09-14T06:21:57+00:00\",\"dateModified\":\"2026-01-28T17:30:41+00:00\",\"breadcrumb\":{\"@id\":\"https:\\\/\\\/www.hotelambient.ro\\\/es\\\/hotel-servicios\\\/salas-de-reuniones\\\/#breadcrumb\"},\"inLanguage\":\"es\",\"potentialAction\":[{\"@type\":\"ReadAction\",\"target\":[\"https:\\\/\\\/www.hotelambient.ro\\\/es\\\/hotel-servicios\\\/salas-de-reuniones\\\/\"]}]},{\"@type\":\"BreadcrumbList\",\"@id\":\"https:\\\/\\\/www.hotelambient.ro\\\/es\\\/hotel-servicios\\\/salas-de-reuniones\\\/#breadcrumb\",\"itemListElement\":[{\"@type\":\"ListItem\",\"position\":1,\"name\":\"Home\",\"item\":\"https:\\\/\\\/www.hotelambient.ro\\\/es\\\/\"},{\"@type\":\"ListItem\",\"position\":2,\"name\":\"Hotel &#038; Servicios\",\"item\":\"https:\\\/\\\/www.hotelambient.ro\\\/es\\\/hotel-servicios\\\/?lang=es\"},{\"@type\":\"ListItem\",\"position\":3,\"name\":\"Salas de Reuniones\"}]},{\"@type\":\"WebSite\",\"@id\":\"https:\\\/\\\/www.hotelambient.ro\\\/es\\\/#website\",\"url\":\"https:\\\/\\\/www.hotelambient.ro\\\/es\\\/\",\"name\":\"Hotel Ambient Brasov - Cazare \u00een centrul ora\u0219ului\",\"description\":\"Hotel moderno y acogedor en el centro de Brasov con todas las comodidades que puedas necesitar durante tu estancia en la ciudad y unas de las mejores habitaciones\",\"publisher\":{\"@id\":\"https:\\\/\\\/www.hotelambient.ro\\\/es\\\/#organization\"},\"potentialAction\":[{\"@type\":\"SearchAction\",\"target\":{\"@type\":\"EntryPoint\",\"urlTemplate\":\"https:\\\/\\\/www.hotelambient.ro\\\/es\\\/?s={search_term_string}\"},\"query-input\":{\"@type\":\"PropertyValueSpecification\",\"valueRequired\":true,\"valueName\":\"search_term_string\"}}],\"inLanguage\":\"es\"},{\"@type\":\"Organization\",\"@id\":\"https:\\\/\\\/www.hotelambient.ro\\\/es\\\/#organization\",\"name\":\"Ambient Hotels\",\"url\":\"https:\\\/\\\/www.hotelambient.ro\\\/es\\\/\",\"logo\":{\"@type\":\"ImageObject\",\"inLanguage\":\"es\",\"@id\":\"https:\\\/\\\/www.hotelambient.ro\\\/es\\\/#\\\/schema\\\/logo\\\/image\\\/\",\"url\":\"https:\\\/\\\/www.hotelambient.ro\\\/wp-content\\\/uploads\\\/2016\\\/07\\\/Logo001-copia-2.png\",\"contentUrl\":\"https:\\\/\\\/www.hotelambient.ro\\\/wp-content\\\/uploads\\\/2016\\\/07\\\/Logo001-copia-2.png\",\"width\":300,\"height\":114,\"caption\":\"Ambient Hotels\"},\"image\":{\"@id\":\"https:\\\/\\\/www.hotelambient.ro\\\/es\\\/#\\\/schema\\\/logo\\\/image\\\/\"}}]}<\/script>\n<!-- \/ Yoast SEO plugin. -->","yoast_head_json":{"title":"Salas de Reuniones | Hotel Ambient Brasov - Cazare \u00een centrul ora\u0219ului","robots":{"index":"index","follow":"follow","max-snippet":"max-snippet:-1","max-image-preview":"max-image-preview:large","max-video-preview":"max-video-preview:-1"},"canonical":"https:\/\/www.hotelambient.ro\/es\/hotel-servicios\/salas-de-reuniones\/","og_locale":"es_ES","og_type":"article","og_title":"Salas de Reuniones | Hotel Ambient Brasov - Cazare \u00een centrul ora\u0219ului","og_description":"[vc_row css=\u00bb.vc_custom_1468517435504{margin-bottom: -90px !important;}\u00bb][vc_column][vc_column_text] \u00a1S\u00f3lo una organizaci\u00f3n perfecta\u00a0puede trasformar cualquier reuni\u00f3n en un evento memorable!Somos especialistas en combinar las salas ideales para reuniones con los servicios impecables y las comodidades de m\u00e1xima importancia. Ambient es l\u00edder en la organizaci\u00f3n, innovaci\u00f3n y personalizaci\u00f3n de reuniones, incentivos, conferencias, lanzamiento de productos o eventos corporativos y sabemos que nos hab\u00e9is elegido para aportar un gran valor diferencial a sus actividades. La excelencia en la ejecuci\u00f3n de cualquier tipo de evento es nuestra raz\u00f3n de ser y por ello, ponemos a la disposici\u00f3n de nuestros invitados 4 salas de conferencias: [\/vc_column_text][\/vc_column][\/vc_row][vc_row css=\u00bb.vc_custom_1468629304994{margin-top: -50px !important;margin-bottom: -160px !important;}\u00bb][vc_column][\/vc_column][\/vc_row][vc_row css=\u00bb.vc_custom_1468629246192{margin-top: -30px !important;margin-bottom: -120px !important;}\u00bb][vc_column][vc_column_text] Las salas est\u00e1n dotadas con video proyectores, sistemas [&hellip;]","og_url":"https:\/\/www.hotelambient.ro\/es\/hotel-servicios\/salas-de-reuniones\/","og_site_name":"Hotel Ambient Brasov - Cazare \u00een centrul ora\u0219ului","article_modified_time":"2026-01-28T17:30:41+00:00","twitter_card":"summary_large_image","twitter_misc":{"Tiempo de lectura":"2 minutos"},"schema":{"@context":"https:\/\/schema.org","@graph":[{"@type":"WebPage","@id":"https:\/\/www.hotelambient.ro\/es\/hotel-servicios\/salas-de-reuniones\/","url":"https:\/\/www.hotelambient.ro\/es\/hotel-servicios\/salas-de-reuniones\/","name":"Salas de Reuniones | Hotel Ambient Brasov - Cazare \u00een centrul ora\u0219ului","isPartOf":{"@id":"https:\/\/www.hotelambient.ro\/es\/#website"},"datePublished":"2014-09-14T06:21:57+00:00","dateModified":"2026-01-28T17:30:41+00:00","breadcrumb":{"@id":"https:\/\/www.hotelambient.ro\/es\/hotel-servicios\/salas-de-reuniones\/#breadcrumb"},"inLanguage":"es","potentialAction":[{"@type":"ReadAction","target":["https:\/\/www.hotelambient.ro\/es\/hotel-servicios\/salas-de-reuniones\/"]}]},{"@type":"BreadcrumbList","@id":"https:\/\/www.hotelambient.ro\/es\/hotel-servicios\/salas-de-reuniones\/#breadcrumb","itemListElement":[{"@type":"ListItem","position":1,"name":"Home","item":"https:\/\/www.hotelambient.ro\/es\/"},{"@type":"ListItem","position":2,"name":"Hotel &#038; Servicios","item":"https:\/\/www.hotelambient.ro\/es\/hotel-servicios\/?lang=es"},{"@type":"ListItem","position":3,"name":"Salas de Reuniones"}]},{"@type":"WebSite","@id":"https:\/\/www.hotelambient.ro\/es\/#website","url":"https:\/\/www.hotelambient.ro\/es\/","name":"Hotel Ambient Brasov - Cazare \u00een centrul ora\u0219ului","description":"Hotel moderno y acogedor en el centro de Brasov con todas las comodidades que puedas necesitar durante tu estancia en la ciudad y unas de las mejores habitaciones","publisher":{"@id":"https:\/\/www.hotelambient.ro\/es\/#organization"},"potentialAction":[{"@type":"SearchAction","target":{"@type":"EntryPoint","urlTemplate":"https:\/\/www.hotelambient.ro\/es\/?s={search_term_string}"},"query-input":{"@type":"PropertyValueSpecification","valueRequired":true,"valueName":"search_term_string"}}],"inLanguage":"es"},{"@type":"Organization","@id":"https:\/\/www.hotelambient.ro\/es\/#organization","name":"Ambient Hotels","url":"https:\/\/www.hotelambient.ro\/es\/","logo":{"@type":"ImageObject","inLanguage":"es","@id":"https:\/\/www.hotelambient.ro\/es\/#\/schema\/logo\/image\/","url":"https:\/\/www.hotelambient.ro\/wp-content\/uploads\/2016\/07\/Logo001-copia-2.png","contentUrl":"https:\/\/www.hotelambient.ro\/wp-content\/uploads\/2016\/07\/Logo001-copia-2.png","width":300,"height":114,"caption":"Ambient Hotels"},"image":{"@id":"https:\/\/www.hotelambient.ro\/es\/#\/schema\/logo\/image\/"}}]}},"_links":{"self":[{"href":"https:\/\/www.hotelambient.ro\/es\/wp-json\/wp\/v2\/pages\/9694","targetHints":{"allow":["GET"]}}],"collection":[{"href":"https:\/\/www.hotelambient.ro\/es\/wp-json\/wp\/v2\/pages"}],"about":[{"href":"https:\/\/www.hotelambient.ro\/es\/wp-json\/wp\/v2\/types\/page"}],"author":[{"embeddable":true,"href":"https:\/\/www.hotelambient.ro\/es\/wp-json\/wp\/v2\/users\/1"}],"replies":[{"embeddable":true,"href":"https:\/\/www.hotelambient.ro\/es\/wp-json\/wp\/v2\/comments?post=9694"}],"version-history":[{"count":0,"href":"https:\/\/www.hotelambient.ro\/es\/wp-json\/wp\/v2\/pages\/9694\/revisions"}],"up":[{"embeddable":true,"href":"https:\/\/www.hotelambient.ro\/es\/wp-json\/wp\/v2\/pages\/9667"}],"wp:attachment":[{"href":"https:\/\/www.hotelambient.ro\/es\/wp-json\/wp\/v2\/media?parent=9694"}],"curies":[{"name":"wp","href":"https:\/\/api.w.org\/{rel}","templated":true}]}}