{"id":9818,"date":"2017-03-30T12:48:01","date_gmt":"2017-03-30T09:48:01","guid":{"rendered":"https:\/\/www.hotelambient.ro\/gastronomie\/"},"modified":"2026-01-29T18:11:51","modified_gmt":"2026-01-29T16:11:51","slug":"gastronomie","status":"publish","type":"page","link":"https:\/\/www.hotelambient.ro\/de\/gastronomie\/","title":{"rendered":"Gastronomie"},"content":{"rendered":"<div class=\"wpb-content-wrapper\">[vc_row full_width=&#8220;stretch_row&#8220; curly_padding=&#8220;content-padding&#8220; position=&#8220;right center&#8220; css=&#8220;.vc_custom_1769702927587{background-image: url(https:\/\/www.hotelambient.ro\/wp-content\/uploads\/2014\/09\/Subcabecera5.png?id=4103) !important;background-position: 0 0 !important;background-repeat: no-repeat !important;}&#8220; el_class=&#8220;background-none-mobile&#8220;][vc_column width=&#8220;1\/2&#8243;][vc_column_text el_class=&#8220;white-box content-padding-xs&#8220;]\n<h2><span style=\"color: #cf0e17;\">Ein Genuss f\u00fcr die Sinne<\/span><\/h2>\n<p>Das Ambient Hotel Restaurant bietet ein breite kulinarische Angebot an traditionelle rum\u00e4nische K\u00fcche und das Beste der internationalen K\u00fcche. Die Hotelg\u00e4ste k\u00f6nnen den Zimmerservice von 7.00 bis 23.00 Uhr genie\u00dfen und ein reichhaltiges Fr\u00fchst\u00fccksbuffet steht jeden Morgen zur Verf\u00fcgung.<\/p>\n<p><q class=\"pullquote pull-right\">Keine Liebe ist aufrichtiger als die Liebe zum Essen<\/q><\/p>\n<p style=\"text-align: right;\"><small>George Bernard Shaw<\/small><\/p>\n[\/vc_column_text][\/vc_column][\/vc_row][vc_row curly_padding=&#8220;content-padding&#8220;][vc_column width=&#8220;1\/2&#8243;][vc_images_carousel images=&#8220;10442,10441,11264,11255,10440&#8243; onclick=&#8220;custom_link&#8220; speed=&#8220;10000&#8243; hide_pagination_control=&#8220;yes&#8220; custom_links=&#8220;#E-8_aHR0cCUzQSUyRiUyRnd3dy5ob3RlbGFtYmllbnQucm8lMkZyZXN0YXVyYW50JTJGYW1iaWVudCUyRiUyQ2h0dHAlM0ElMkYlMkZ3d3cuaG90ZWxhbWJpZW50LnJvJTJGcmVzdGF1cmFudCUyRmFtYmllbnQlMkY=&#8220;][\/vc_column][vc_column width=&#8220;1\/2&#8243;][vc_column_text]\n<h1 class=\"text-uppercase\"><small>EIN UNVERGESSLICHES KULINARISCHES ERLEBNIS<\/small><span style=\"color: #cf0e17;\">RESTAURANTE AMBIENT<\/span><\/h1>\n<p class=\"lead\">Sie sind jederzeit willkommen in unserem Restaurant, wo die gro\u00dfen Aromen von internationalen und rum\u00e4nischen K\u00fcche wird Sie auf eine unvergessliche Reise f\u00fcr die Sinne nehmen.<\/p>\n<p><a class=\"btn btn-inline\" href=\"https:\/\/www.hotelambient.ro\/de\/restaurant\/ambient\/\">Entdecken Sie unser Restaurant<\/a>[\/vc_column_text][\/vc_column][\/vc_row][vc_row curly_padding=&#8220;content-padding&#8220;][vc_column width=&#8220;1\/2&#8243;][vc_column_text]\n<h1 class=\"text-uppercase\"><small>DER BESTE WEG ZU START IN DEN TAG <\/small><span style=\"color: #cf0e17;\">FR\u00dcHST\u00dcCKE<\/span><\/h1>\n<p class=\"lead\">Um den Tag mit Energie beginnen ist wichtig, ein gutes und reich haltiges Fr\u00fchst\u00fcck wissen wir um t\u00e4glich vorzubereiten. In Ambient bereiten wir t\u00e4glich ein komplettes Fr\u00fchst\u00fcck vor.<\/p>\n<p><span contextmenu=\"true\">Guten Morgen, gehen Sie zu unseerem Bufe<\/span>[\/vc_column_text][\/vc_column][vc_column width=&#8220;1\/2&#8243;][vc_images_carousel images=&#8220;11402,11399&#8243; onclick=&#8220;custom_link&#8220; speed=&#8220;10000&#8243; hide_pagination_control=&#8220;yes&#8220; custom_links=&#8220;#E-8_aHR0cCUzQSUyRiUyRnd3dy5ob3RlbGFtYmllbnQucm8lMkZyZXN0YXVyYW50JTJGZGVzYXl1bm8lMkYlMkNodHRwJTNBJTJGJTJGd3d3LmhvdGVsYW1iaWVudC5ybyUyRnJlc3RhdXJhbnQlMkZkZXNheXVubyUyRg==&#8220;][\/vc_column][\/vc_row][vc_row curly_padding=&#8220;content-padding&#8220; position=&#8220;left center&#8220; css=&#8220;.vc_custom_1769703091547{background-image: url(https:\/\/www.hotelambient.ro\/wp-content\/uploads\/2014\/09\/cocineros8.jpg?id=4637) !important;background-position: center !important;background-repeat: no-repeat !important;background-size: contain !important;}&#8220; el_class=&#8220;content-padding-xxl background-none-mobile&#8220;][vc_column width=&#8220;1\/2&#8243; offset=&#8220;vc_col-sm-offset-6&#8243;][vc_column_text el_class=&#8220;white-box content-padding-xs&#8220;]\n<h2><span style=\"color: #cf0e17;\">EIN PREISGEKRONTES TEAM<\/span><small>International &amp; Rum\u00e4nischen K\u00fcche<\/small><\/h2>\n<p class=\"lead\">Die hohe Professionalit\u00e4t, Hingabe und Leidenschaft f\u00fcr das Kochen, machen jedes unserer Gerichte einzigartig, exquisit.<br \/>\nWir genie\u00dfen unsere Arbeit, jedes Mal verwandeln wir normales oder Abendessen in eine \u00fcberraschende Erfahrung f\u00fcr unsere G\u00e4ste.<\/p>\n<p><a class=\"btn btn-inline\" href=\"https:\/\/www.hotelambient.ro\/de\/restaurant\/ambient\/#team\">Genie\u00dfen Sie unsere K\u00fcche<\/a>[\/vc_column_text][\/vc_column][\/vc_row][vc_row full_width=&#8220;stretch_row&#8220; curly_bg_repeat=&#8220;bg-no-repeat&#8220; curly_padding=&#8220;content-padding&#8220; css=&#8220;.vc_custom_1769702955362{background-position: center !important;background-repeat: no-repeat !important;background-size: cover !important;}&#8220; el_class=&#8220;background-none-mobile&#8220;][vc_column width=&#8220;1\/2&#8243;][vc_column_text]\n<h1 class=\"text-uppercase\"><small>Ein Ort zum Entspannen<\/small><span style=\"color: #cf0e17;\">AMBIENT BARS<\/span><\/h1>\n<p class=\"lead\">Wir wissen das heute die Bu reine soziale Fuhktion hat, so habu wir unser Augenmeak besoder auf die zwei Bars und die Terrasse gestellt, so duss Sie dort einen Ort der unwinderlegbaen Sinneserfahrung und Entspannung finden.<\/p>\n<p><a class=\"btn btn-inline\" href=\"https:\/\/www.hotelambient.ro\/de\/restaurant\/bar\/\">Lernen Sie unsere zwei Bars<\/a>[\/vc_column_text][\/vc_column][vc_column width=&#8220;1\/2&#8243;][vc_single_image image=&#8220;11270&#8243; img_size=&#8220;large&#8220; alignment=&#8220;center&#8220; css=&#8220;&#8220;][\/vc_column][\/vc_row][vc_row curly_padding=&#8220;content-padding&#8220;][vc_column width=&#8220;1\/2&#8243;][vc_column_text]\n<h2 class=\"text-center\" style=\"text-align: center;\"><span style=\"color: #cf0e17;\"><i class=\"fas fa-clock-o fa-fw fa-lg\"><\/i><\/span>Lernen Sie unsere zwei Bars<\/h2>\n<p style=\"text-align: center;\">Sowohl Restaurant und die Bar sind den ganzen Tag bis 22:00 Uhr ge\u00f6ffnet.<\/p>\n<p style=\"text-align: center;\">Fr\u00fchst\u00fcck:<\/p>\n<p style=\"text-align: center;\">Montag &#8211; Samstag: 7am &#8211; 10am<\/p>\n<p style=\"text-align: center;\">Sonntag: 8am &#8211; 11am<\/p>\n<p style=\"text-align: center;\">Restaurant:<\/p>\n<p style=\"text-align: center;\">Montag &#8211; Sonntag: 10am &#8211; 10pm<\/p>\n[\/vc_column_text][\/vc_column][vc_column width=&#8220;1\/2&#8243;][vc_column_text]\n<h2 class=\"text-center\" style=\"text-align: center;\"><span style=\"color: #cf0e17;\"><i class=\"fas fa-book fa-fw fa-lg\"><\/i><\/span>Reservierungen<\/h2>\n<p style=\"text-align: center;\">Wir freuen uns, Ihnen zu helfen und lassen Sie sie unsere K\u00fcche genie\u00dfen.<\/p>\n<p style=\"text-align: center;\"><a href=\"tel:0040268471747\">004 0268 471747<\/a><br \/>\n<a href=\"mailto:reservations@hotelambient.ro\">reservations@hotelambient.ro<\/a><\/p>\n[\/vc_column_text][\/vc_column][\/vc_row][vc_row css=&#8220;.vc_custom_1769702974107{padding-top: 0px !important;padding-bottom: 0px !important;}&#8220;][vc_column][vc_raw_html]JTNDc2NyaXB0JTIwdHlwZSUzRCUyMnRleHQlMkZqYXZhc2NyaXB0JTIyJTIwc3JjJTNEJTIyaHR0cHMlM0ElMkYlMkZvcGVuLnVwcGVyYm9va2luZy5jb20lMkZob3RlbGFtYmllbnQlMkZCb29raW5nLmpzJTNGbG9jYWxlJTNEZGUlMjIlM0UlM0MlMkZzY3JpcHQlM0U=[\/vc_raw_html][\/vc_column][\/vc_row]\n<\/div>","protected":false},"excerpt":{"rendered":"<p>[vc_row full_width=&#8220;stretch_row&#8220; curly_padding=&#8220;content-padding&#8220; position=&#8220;right center&#8220; css=&#8220;.vc_custom_1769702927587{background-image: url(https:\/\/www.hotelambient.ro\/wp-content\/uploads\/2014\/09\/Subcabecera5.png?id=4103) !important;background-position: 0 0 !important;background-repeat: no-repeat !important;}&#8220; el_class=&#8220;background-none-mobile&#8220;][vc_column width=&#8220;1\/2&#8243;][vc_column_text el_class=&#8220;white-box content-padding-xs&#8220;] Ein Genuss f\u00fcr die Sinne Das Ambient Hotel Restaurant bietet ein breite kulinarische Angebot an traditionelle rum\u00e4nische K\u00fcche und das Beste der internationalen K\u00fcche. Die Hotelg\u00e4ste k\u00f6nnen den Zimmerservice von 7.00 bis 23.00 Uhr genie\u00dfen und ein reichhaltiges Fr\u00fchst\u00fccksbuffet steht jeden Morgen zur Verf\u00fcgung. Keine Liebe ist aufrichtiger als die Liebe zum Essen George Bernard Shaw [\/vc_column_text][\/vc_column][\/vc_row][vc_row curly_padding=&#8220;content-padding&#8220;][vc_column width=&#8220;1\/2&#8243;][vc_images_carousel images=&#8220;10442,10441,11264,11255,10440&#8243; onclick=&#8220;custom_link&#8220; speed=&#8220;10000&#8243; hide_pagination_control=&#8220;yes&#8220; custom_links=&#8220;#E-8_aHR0cCUzQSUyRiUyRnd3dy5ob3RlbGFtYmllbnQucm8lMkZyZXN0YXVyYW50JTJGYW1iaWVudCUyRiUyQ2h0dHAlM0ElMkYlMkZ3d3cuaG90ZWxhbWJpZW50LnJvJTJGcmVzdGF1cmFudCUyRmFtYmllbnQlMkY=&#8220;][\/vc_column][vc_column width=&#8220;1\/2&#8243;][vc_column_text] EIN UNVERGESSLICHES KULINARISCHES ERLEBNISRESTAURANTE AMBIENT Sie sind jederzeit willkommen in unserem Restaurant, wo die gro\u00dfen Aromen von internationalen und rum\u00e4nischen K\u00fcche wird Sie auf eine unvergessliche Reise f\u00fcr die Sinne nehmen. Entdecken Sie [&hellip;]<\/p>\n","protected":false},"author":1,"featured_media":0,"parent":0,"menu_order":5,"comment_status":"closed","ping_status":"closed","template":"","meta":{"footnotes":""},"class_list":["post-9818","page","type-page","status-publish","hentry"],"yoast_head":"<!-- This site is optimized with the Yoast SEO plugin v26.9 - https:\/\/yoast.com\/product\/yoast-seo-wordpress\/ -->\n<title>Gastronomie | Hotel Ambient Brasov - Cazare \u00een centrul ora\u0219ului<\/title>\n<meta name=\"robots\" content=\"index, follow, max-snippet:-1, max-image-preview:large, max-video-preview:-1\" \/>\n<link rel=\"canonical\" href=\"https:\/\/www.hotelambient.ro\/de\/gastronomie\/\" \/>\n<meta property=\"og:locale\" content=\"de_DE\" \/>\n<meta property=\"og:type\" content=\"article\" \/>\n<meta property=\"og:title\" content=\"Gastronomie | Hotel Ambient Brasov - Cazare \u00een centrul ora\u0219ului\" \/>\n<meta property=\"og:description\" content=\"[vc_row full_width=&#8220;stretch_row&#8220; curly_padding=&#8220;content-padding&#8220; position=&#8220;right center&#8220; css=&#8220;.vc_custom_1769702927587{background-image: url(https:\/\/www.hotelambient.ro\/wp-content\/uploads\/2014\/09\/Subcabecera5.png?id=4103) !important;background-position: 0 0 !important;background-repeat: no-repeat !important;}&#8220; el_class=&#8220;background-none-mobile&#8220;][vc_column width=&#8220;1\/2&#8243;][vc_column_text el_class=&#8220;white-box content-padding-xs&#8220;] Ein Genuss f\u00fcr die Sinne Das Ambient Hotel Restaurant bietet ein breite kulinarische Angebot an traditionelle rum\u00e4nische K\u00fcche und das Beste der internationalen K\u00fcche. Die Hotelg\u00e4ste k\u00f6nnen den Zimmerservice von 7.00 bis 23.00 Uhr genie\u00dfen und ein reichhaltiges Fr\u00fchst\u00fccksbuffet steht jeden Morgen zur Verf\u00fcgung. Keine Liebe ist aufrichtiger als die Liebe zum Essen George Bernard Shaw [\/vc_column_text][\/vc_column][\/vc_row][vc_row curly_padding=&#8220;content-padding&#8220;][vc_column width=&#8220;1\/2&#8243;][vc_images_carousel images=&#8220;10442,10441,11264,11255,10440&#8243; onclick=&#8220;custom_link&#8220; speed=&#8220;10000&#8243; hide_pagination_control=&#8220;yes&#8220; custom_links=&#8220;#E-8_aHR0cCUzQSUyRiUyRnd3dy5ob3RlbGFtYmllbnQucm8lMkZyZXN0YXVyYW50JTJGYW1iaWVudCUyRiUyQ2h0dHAlM0ElMkYlMkZ3d3cuaG90ZWxhbWJpZW50LnJvJTJGcmVzdGF1cmFudCUyRmFtYmllbnQlMkY=&#8220;][\/vc_column][vc_column width=&#8220;1\/2&#8243;][vc_column_text] EIN UNVERGESSLICHES KULINARISCHES ERLEBNISRESTAURANTE AMBIENT Sie sind jederzeit willkommen in unserem Restaurant, wo die gro\u00dfen Aromen von internationalen und rum\u00e4nischen K\u00fcche wird Sie auf eine unvergessliche Reise f\u00fcr die Sinne nehmen. Entdecken Sie [&hellip;]\" \/>\n<meta property=\"og:url\" content=\"https:\/\/www.hotelambient.ro\/de\/gastronomie\/\" \/>\n<meta property=\"og:site_name\" content=\"Hotel Ambient Brasov - Cazare \u00een centrul ora\u0219ului\" \/>\n<meta property=\"article:modified_time\" content=\"2026-01-29T16:11:51+00:00\" \/>\n<meta name=\"twitter:card\" content=\"summary_large_image\" \/>\n<meta name=\"twitter:label1\" content=\"Gesch\u00e4tzte Lesezeit\" \/>\n\t<meta name=\"twitter:data1\" content=\"3\u00a0Minuten\" \/>\n<script type=\"application\/ld+json\" class=\"yoast-schema-graph\">{\"@context\":\"https:\/\/schema.org\",\"@graph\":[{\"@type\":\"WebPage\",\"@id\":\"https:\/\/www.hotelambient.ro\/de\/gastronomie\/\",\"url\":\"https:\/\/www.hotelambient.ro\/de\/gastronomie\/\",\"name\":\"Gastronomie | Hotel Ambient Brasov - Cazare \u00een centrul ora\u0219ului\",\"isPartOf\":{\"@id\":\"https:\/\/www.hotelambient.ro\/de\/#website\"},\"datePublished\":\"2017-03-30T09:48:01+00:00\",\"dateModified\":\"2026-01-29T16:11:51+00:00\",\"breadcrumb\":{\"@id\":\"https:\/\/www.hotelambient.ro\/de\/gastronomie\/#breadcrumb\"},\"inLanguage\":\"de\",\"potentialAction\":[{\"@type\":\"ReadAction\",\"target\":[\"https:\/\/www.hotelambient.ro\/de\/gastronomie\/\"]}]},{\"@type\":\"BreadcrumbList\",\"@id\":\"https:\/\/www.hotelambient.ro\/de\/gastronomie\/#breadcrumb\",\"itemListElement\":[{\"@type\":\"ListItem\",\"position\":1,\"name\":\"Home\",\"item\":\"https:\/\/www.hotelambient.ro\/de\/\"},{\"@type\":\"ListItem\",\"position\":2,\"name\":\"Gastronomie\"}]},{\"@type\":\"WebSite\",\"@id\":\"https:\/\/www.hotelambient.ro\/de\/#website\",\"url\":\"https:\/\/www.hotelambient.ro\/de\/\",\"name\":\"Hotel Ambient Brasov - Cazare \u00een centrul ora\u0219ului\",\"description\":\"modern und gem\u00fctlich im Zentrum von Brasov mit allen Annehmlichkeiten, die Sie w\u00e4hrend Ihres Aufenthaltes in der Stadt und besten Hotelzimmern ben\u00f6tigen\",\"publisher\":{\"@id\":\"https:\/\/www.hotelambient.ro\/de\/#organization\"},\"potentialAction\":[{\"@type\":\"SearchAction\",\"target\":{\"@type\":\"EntryPoint\",\"urlTemplate\":\"https:\/\/www.hotelambient.ro\/de\/?s={search_term_string}\"},\"query-input\":{\"@type\":\"PropertyValueSpecification\",\"valueRequired\":true,\"valueName\":\"search_term_string\"}}],\"inLanguage\":\"de\"},{\"@type\":\"Organization\",\"@id\":\"https:\/\/www.hotelambient.ro\/de\/#organization\",\"name\":\"Ambient Hotels\",\"url\":\"https:\/\/www.hotelambient.ro\/de\/\",\"logo\":{\"@type\":\"ImageObject\",\"inLanguage\":\"de\",\"@id\":\"https:\/\/www.hotelambient.ro\/de\/#\/schema\/logo\/image\/\",\"url\":\"https:\/\/www.hotelambient.ro\/wp-content\/uploads\/2016\/07\/Logo001-copia-2.png\",\"contentUrl\":\"https:\/\/www.hotelambient.ro\/wp-content\/uploads\/2016\/07\/Logo001-copia-2.png\",\"width\":300,\"height\":114,\"caption\":\"Ambient Hotels\"},\"image\":{\"@id\":\"https:\/\/www.hotelambient.ro\/de\/#\/schema\/logo\/image\/\"}}]}<\/script>\n<!-- \/ Yoast SEO plugin. -->","yoast_head_json":{"title":"Gastronomie | Hotel Ambient Brasov - Cazare \u00een centrul ora\u0219ului","robots":{"index":"index","follow":"follow","max-snippet":"max-snippet:-1","max-image-preview":"max-image-preview:large","max-video-preview":"max-video-preview:-1"},"canonical":"https:\/\/www.hotelambient.ro\/de\/gastronomie\/","og_locale":"de_DE","og_type":"article","og_title":"Gastronomie | Hotel Ambient Brasov - Cazare \u00een centrul ora\u0219ului","og_description":"[vc_row full_width=&#8220;stretch_row&#8220; curly_padding=&#8220;content-padding&#8220; position=&#8220;right center&#8220; css=&#8220;.vc_custom_1769702927587{background-image: url(https:\/\/www.hotelambient.ro\/wp-content\/uploads\/2014\/09\/Subcabecera5.png?id=4103) !important;background-position: 0 0 !important;background-repeat: no-repeat !important;}&#8220; el_class=&#8220;background-none-mobile&#8220;][vc_column width=&#8220;1\/2&#8243;][vc_column_text el_class=&#8220;white-box content-padding-xs&#8220;] Ein Genuss f\u00fcr die Sinne Das Ambient Hotel Restaurant bietet ein breite kulinarische Angebot an traditionelle rum\u00e4nische K\u00fcche und das Beste der internationalen K\u00fcche. Die Hotelg\u00e4ste k\u00f6nnen den Zimmerservice von 7.00 bis 23.00 Uhr genie\u00dfen und ein reichhaltiges Fr\u00fchst\u00fccksbuffet steht jeden Morgen zur Verf\u00fcgung. Keine Liebe ist aufrichtiger als die Liebe zum Essen George Bernard Shaw [\/vc_column_text][\/vc_column][\/vc_row][vc_row curly_padding=&#8220;content-padding&#8220;][vc_column width=&#8220;1\/2&#8243;][vc_images_carousel images=&#8220;10442,10441,11264,11255,10440&#8243; onclick=&#8220;custom_link&#8220; speed=&#8220;10000&#8243; hide_pagination_control=&#8220;yes&#8220; custom_links=&#8220;#E-8_aHR0cCUzQSUyRiUyRnd3dy5ob3RlbGFtYmllbnQucm8lMkZyZXN0YXVyYW50JTJGYW1iaWVudCUyRiUyQ2h0dHAlM0ElMkYlMkZ3d3cuaG90ZWxhbWJpZW50LnJvJTJGcmVzdGF1cmFudCUyRmFtYmllbnQlMkY=&#8220;][\/vc_column][vc_column width=&#8220;1\/2&#8243;][vc_column_text] EIN UNVERGESSLICHES KULINARISCHES ERLEBNISRESTAURANTE AMBIENT Sie sind jederzeit willkommen in unserem Restaurant, wo die gro\u00dfen Aromen von internationalen und rum\u00e4nischen K\u00fcche wird Sie auf eine unvergessliche Reise f\u00fcr die Sinne nehmen. Entdecken Sie [&hellip;]","og_url":"https:\/\/www.hotelambient.ro\/de\/gastronomie\/","og_site_name":"Hotel Ambient Brasov - Cazare \u00een centrul ora\u0219ului","article_modified_time":"2026-01-29T16:11:51+00:00","twitter_card":"summary_large_image","twitter_misc":{"Gesch\u00e4tzte Lesezeit":"3\u00a0Minuten"},"schema":{"@context":"https:\/\/schema.org","@graph":[{"@type":"WebPage","@id":"https:\/\/www.hotelambient.ro\/de\/gastronomie\/","url":"https:\/\/www.hotelambient.ro\/de\/gastronomie\/","name":"Gastronomie | Hotel Ambient Brasov - Cazare \u00een centrul ora\u0219ului","isPartOf":{"@id":"https:\/\/www.hotelambient.ro\/de\/#website"},"datePublished":"2017-03-30T09:48:01+00:00","dateModified":"2026-01-29T16:11:51+00:00","breadcrumb":{"@id":"https:\/\/www.hotelambient.ro\/de\/gastronomie\/#breadcrumb"},"inLanguage":"de","potentialAction":[{"@type":"ReadAction","target":["https:\/\/www.hotelambient.ro\/de\/gastronomie\/"]}]},{"@type":"BreadcrumbList","@id":"https:\/\/www.hotelambient.ro\/de\/gastronomie\/#breadcrumb","itemListElement":[{"@type":"ListItem","position":1,"name":"Home","item":"https:\/\/www.hotelambient.ro\/de\/"},{"@type":"ListItem","position":2,"name":"Gastronomie"}]},{"@type":"WebSite","@id":"https:\/\/www.hotelambient.ro\/de\/#website","url":"https:\/\/www.hotelambient.ro\/de\/","name":"Hotel Ambient Brasov - Cazare \u00een centrul ora\u0219ului","description":"modern und gem\u00fctlich im Zentrum von Brasov mit allen Annehmlichkeiten, die Sie w\u00e4hrend Ihres Aufenthaltes in der Stadt und besten Hotelzimmern ben\u00f6tigen","publisher":{"@id":"https:\/\/www.hotelambient.ro\/de\/#organization"},"potentialAction":[{"@type":"SearchAction","target":{"@type":"EntryPoint","urlTemplate":"https:\/\/www.hotelambient.ro\/de\/?s={search_term_string}"},"query-input":{"@type":"PropertyValueSpecification","valueRequired":true,"valueName":"search_term_string"}}],"inLanguage":"de"},{"@type":"Organization","@id":"https:\/\/www.hotelambient.ro\/de\/#organization","name":"Ambient Hotels","url":"https:\/\/www.hotelambient.ro\/de\/","logo":{"@type":"ImageObject","inLanguage":"de","@id":"https:\/\/www.hotelambient.ro\/de\/#\/schema\/logo\/image\/","url":"https:\/\/www.hotelambient.ro\/wp-content\/uploads\/2016\/07\/Logo001-copia-2.png","contentUrl":"https:\/\/www.hotelambient.ro\/wp-content\/uploads\/2016\/07\/Logo001-copia-2.png","width":300,"height":114,"caption":"Ambient Hotels"},"image":{"@id":"https:\/\/www.hotelambient.ro\/de\/#\/schema\/logo\/image\/"}}]}},"_links":{"self":[{"href":"https:\/\/www.hotelambient.ro\/de\/wp-json\/wp\/v2\/pages\/9818","targetHints":{"allow":["GET"]}}],"collection":[{"href":"https:\/\/www.hotelambient.ro\/de\/wp-json\/wp\/v2\/pages"}],"about":[{"href":"https:\/\/www.hotelambient.ro\/de\/wp-json\/wp\/v2\/types\/page"}],"author":[{"embeddable":true,"href":"https:\/\/www.hotelambient.ro\/de\/wp-json\/wp\/v2\/users\/1"}],"replies":[{"embeddable":true,"href":"https:\/\/www.hotelambient.ro\/de\/wp-json\/wp\/v2\/comments?post=9818"}],"version-history":[{"count":0,"href":"https:\/\/www.hotelambient.ro\/de\/wp-json\/wp\/v2\/pages\/9818\/revisions"}],"wp:attachment":[{"href":"https:\/\/www.hotelambient.ro\/de\/wp-json\/wp\/v2\/media?parent=9818"}],"curies":[{"name":"wp","href":"https:\/\/api.w.org\/{rel}","templated":true}]}}