{"id":9715,"date":"2016-06-23T12:05:35","date_gmt":"2016-06-23T09:05:35","guid":{"rendered":"https:\/\/www.hotelambient.ro\/bar\/"},"modified":"2025-12-08T17:08:05","modified_gmt":"2025-12-08T15:08:05","slug":"bar","status":"publish","type":"page","link":"https:\/\/www.hotelambient.ro\/de\/gastronomie\/bar\/","title":{"rendered":"Bar"},"content":{"rendered":"<div class=\"wpb-content-wrapper\">[vc_row][vc_column][vc_images_carousel images=&#8220;4191,4189,4190,4492,8317&#8243;][\/vc_column][\/vc_row][vc_row css=&#8220;.vc_custom_1468170331662{margin-top: -90px !important;}&#8220;][vc_column][vc_column_text]\n<h1 class=\"text-uppercase\" style=\"text-align: center;\"><small>F\u00dcR EINEN MOMENT DER ENTSPANNUNG<\/small><span style=\"color: #cf0e17;\">AMBIENT BARS<\/span><\/h1>\n<p class=\"lead\" style=\"text-align: center;\">Im Bewusstsein, dass die Bar heute eine soziale Funktion und Interaktion und Treffen hat, haben wir ein besonderes Augenmerk auf unsere zwei Bars gestellt, so dass beide eine nicht wiederholbar sinnliche Erfahrungen bieten.<\/p>\n<p style=\"text-align: center;\">Die Haupt-Bar befindet sich neben dem Restaurant und es ist sein rechter Arm, so dass Sie eine Erweiterung des kulinarisches Erlebnis genie\u00dfen k\u00f6nnen.<\/p>\n<p style=\"text-align: center;\">Die zweite ist in der Lobby, neben den Millenia Sitzungen, in denen auf Anfrage, Cocktails f\u00fcr Gesch\u00e4ftstreffen, Produktpr\u00e4sentationen oder andere Veranstaltungen servieren.<\/p>\n<p style=\"text-align: center;\">An Sommertagen k\u00f6nnen Sie ein k\u00f6stliches erfrischenden Cocktail auf unserer sch\u00f6nen Terrasse von 30 Pl\u00e4tzen zu genie\u00dfen.<\/p>\n[\/vc_column_text][\/vc_column][\/vc_row][vc_row css=&#8220;.vc_custom_1468181279216{margin-top: -100px !important;}&#8220;][vc_column width=&#8220;1\/4&#8243;][\/vc_column][vc_column width=&#8220;1\/2&#8243;][vc_column_text]\n<h2 class=\"text-center\" style=\"text-align: center;\"><span style=\"color: #cf0e17;\"><i class=\"fas fa-clock-o fa-fw fa-lg\"><\/i><\/span>Zeitplan unserer Bars<\/h2>\n<p style=\"text-align: center;\">Die Ambient Hotel-Bars sind bis 23.00 Uhr ge\u00f6ffnet.<\/p>\n<p style=\"text-align: center;\">24h Lobby-Bar ist mit Beschr\u00e4nkungen f\u00fcr den Verkauf bestimmter Arten von Produkten offen.<\/p>\n<p style=\"text-align: center;\">Bar: 7am &#8211; 11pm<\/p>\n[\/vc_column_text][\/vc_column][vc_column width=&#8220;1\/4&#8243;][\/vc_column][\/vc_row][vc_row css=&#8220;.vc_custom_1470427624852{margin-top: -200px !important;}&#8220;][vc_column][vc_raw_html]JTNDc2NyaXB0JTIwdHlwZSUzRCUyMnRleHQlMkZqYXZhc2NyaXB0JTIyJTIwc3JjJTNEJTIyaHR0cHMlM0ElMkYlMkZvcGVuLnVwcGVyYm9va2luZy5jb20lMkZob3RlbGFtYmllbnQlMkZCb29raW5nLmpzJTNGbG9jYWxlJTNEZGUlMjIlM0UlM0MlMkZzY3JpcHQlM0U=[\/vc_raw_html][\/vc_column][\/vc_row]\n<\/div>","protected":false},"excerpt":{"rendered":"<p>[vc_row][vc_column][vc_images_carousel images=&#8220;4191,4189,4190,4492,8317&#8243;][\/vc_column][\/vc_row][vc_row css=&#8220;.vc_custom_1468170331662{margin-top: -90px !important;}&#8220;][vc_column][vc_column_text] F\u00dcR EINEN MOMENT DER ENTSPANNUNGAMBIENT BARS Im Bewusstsein, dass die Bar heute eine soziale Funktion und Interaktion und Treffen hat, haben wir ein besonderes Augenmerk auf unsere zwei Bars gestellt, so dass beide eine nicht wiederholbar sinnliche Erfahrungen bieten. Die Haupt-Bar befindet sich neben dem Restaurant und es ist sein rechter Arm, so dass Sie eine Erweiterung des kulinarisches Erlebnis genie\u00dfen k\u00f6nnen. Die zweite ist in der Lobby, neben den Millenia Sitzungen, in denen auf Anfrage, Cocktails f\u00fcr Gesch\u00e4ftstreffen, Produktpr\u00e4sentationen oder andere Veranstaltungen servieren. An Sommertagen k\u00f6nnen Sie ein k\u00f6stliches erfrischenden Cocktail auf unserer sch\u00f6nen Terrasse von 30 Pl\u00e4tzen zu genie\u00dfen. [\/vc_column_text][\/vc_column][\/vc_row][vc_row css=&#8220;.vc_custom_1468181279216{margin-top: -100px !important;}&#8220;][vc_column width=&#8220;1\/4&#8243;][\/vc_column][vc_column width=&#8220;1\/2&#8243;][vc_column_text] Zeitplan unserer Bars [&hellip;]<\/p>\n","protected":false},"author":1,"featured_media":0,"parent":9818,"menu_order":3,"comment_status":"closed","ping_status":"closed","template":"","meta":{"footnotes":""},"class_list":["post-9715","page","type-page","status-publish","hentry"],"yoast_head":"<!-- This site is optimized with the Yoast SEO plugin v26.9 - https:\/\/yoast.com\/product\/yoast-seo-wordpress\/ -->\n<title>Bar | Hotel Ambient Brasov - Cazare \u00een centrul ora\u0219ului<\/title>\n<meta name=\"robots\" content=\"index, follow, max-snippet:-1, max-image-preview:large, max-video-preview:-1\" \/>\n<link rel=\"canonical\" href=\"https:\/\/www.hotelambient.ro\/de\/gastronomie\/bar\/\" \/>\n<meta property=\"og:locale\" content=\"de_DE\" \/>\n<meta property=\"og:type\" content=\"article\" \/>\n<meta property=\"og:title\" content=\"Bar | Hotel Ambient Brasov - Cazare \u00een centrul ora\u0219ului\" \/>\n<meta property=\"og:description\" content=\"[vc_row][vc_column][vc_images_carousel images=&#8220;4191,4189,4190,4492,8317&#8243;][\/vc_column][\/vc_row][vc_row css=&#8220;.vc_custom_1468170331662{margin-top: -90px !important;}&#8220;][vc_column][vc_column_text] F\u00dcR EINEN MOMENT DER ENTSPANNUNGAMBIENT BARS Im Bewusstsein, dass die Bar heute eine soziale Funktion und Interaktion und Treffen hat, haben wir ein besonderes Augenmerk auf unsere zwei Bars gestellt, so dass beide eine nicht wiederholbar sinnliche Erfahrungen bieten. Die Haupt-Bar befindet sich neben dem Restaurant und es ist sein rechter Arm, so dass Sie eine Erweiterung des kulinarisches Erlebnis genie\u00dfen k\u00f6nnen. Die zweite ist in der Lobby, neben den Millenia Sitzungen, in denen auf Anfrage, Cocktails f\u00fcr Gesch\u00e4ftstreffen, Produktpr\u00e4sentationen oder andere Veranstaltungen servieren. An Sommertagen k\u00f6nnen Sie ein k\u00f6stliches erfrischenden Cocktail auf unserer sch\u00f6nen Terrasse von 30 Pl\u00e4tzen zu genie\u00dfen. [\/vc_column_text][\/vc_column][\/vc_row][vc_row css=&#8220;.vc_custom_1468181279216{margin-top: -100px !important;}&#8220;][vc_column width=&#8220;1\/4&#8243;][\/vc_column][vc_column width=&#8220;1\/2&#8243;][vc_column_text] Zeitplan unserer Bars [&hellip;]\" \/>\n<meta property=\"og:url\" content=\"https:\/\/www.hotelambient.ro\/de\/gastronomie\/bar\/\" \/>\n<meta property=\"og:site_name\" content=\"Hotel Ambient Brasov - Cazare \u00een centrul ora\u0219ului\" \/>\n<meta property=\"article:modified_time\" content=\"2025-12-08T15:08:05+00:00\" \/>\n<meta name=\"twitter:card\" content=\"summary_large_image\" \/>\n<meta name=\"twitter:label1\" content=\"Gesch\u00e4tzte Lesezeit\" \/>\n\t<meta name=\"twitter:data1\" content=\"1\u00a0Minute\" \/>\n<script type=\"application\/ld+json\" class=\"yoast-schema-graph\">{\"@context\":\"https:\/\/schema.org\",\"@graph\":[{\"@type\":\"WebPage\",\"@id\":\"https:\/\/www.hotelambient.ro\/de\/gastronomie\/bar\/\",\"url\":\"https:\/\/www.hotelambient.ro\/de\/gastronomie\/bar\/\",\"name\":\"Bar | Hotel Ambient Brasov - Cazare \u00een centrul ora\u0219ului\",\"isPartOf\":{\"@id\":\"https:\/\/www.hotelambient.ro\/de\/#website\"},\"datePublished\":\"2016-06-23T09:05:35+00:00\",\"dateModified\":\"2025-12-08T15:08:05+00:00\",\"breadcrumb\":{\"@id\":\"https:\/\/www.hotelambient.ro\/de\/gastronomie\/bar\/#breadcrumb\"},\"inLanguage\":\"de\",\"potentialAction\":[{\"@type\":\"ReadAction\",\"target\":[\"https:\/\/www.hotelambient.ro\/de\/gastronomie\/bar\/\"]}]},{\"@type\":\"BreadcrumbList\",\"@id\":\"https:\/\/www.hotelambient.ro\/de\/gastronomie\/bar\/#breadcrumb\",\"itemListElement\":[{\"@type\":\"ListItem\",\"position\":1,\"name\":\"Home\",\"item\":\"https:\/\/www.hotelambient.ro\/de\/\"},{\"@type\":\"ListItem\",\"position\":2,\"name\":\"Gastronomie\",\"item\":\"https:\/\/www.hotelambient.ro\/de\/gastronomie\/\"},{\"@type\":\"ListItem\",\"position\":3,\"name\":\"Bar\"}]},{\"@type\":\"WebSite\",\"@id\":\"https:\/\/www.hotelambient.ro\/de\/#website\",\"url\":\"https:\/\/www.hotelambient.ro\/de\/\",\"name\":\"Hotel Ambient Brasov - Cazare \u00een centrul ora\u0219ului\",\"description\":\"modern und gem\u00fctlich im Zentrum von Brasov mit allen Annehmlichkeiten, die Sie w\u00e4hrend Ihres Aufenthaltes in der Stadt und besten Hotelzimmern ben\u00f6tigen\",\"publisher\":{\"@id\":\"https:\/\/www.hotelambient.ro\/de\/#organization\"},\"potentialAction\":[{\"@type\":\"SearchAction\",\"target\":{\"@type\":\"EntryPoint\",\"urlTemplate\":\"https:\/\/www.hotelambient.ro\/de\/?s={search_term_string}\"},\"query-input\":{\"@type\":\"PropertyValueSpecification\",\"valueRequired\":true,\"valueName\":\"search_term_string\"}}],\"inLanguage\":\"de\"},{\"@type\":\"Organization\",\"@id\":\"https:\/\/www.hotelambient.ro\/de\/#organization\",\"name\":\"Ambient Hotels\",\"url\":\"https:\/\/www.hotelambient.ro\/de\/\",\"logo\":{\"@type\":\"ImageObject\",\"inLanguage\":\"de\",\"@id\":\"https:\/\/www.hotelambient.ro\/de\/#\/schema\/logo\/image\/\",\"url\":\"https:\/\/www.hotelambient.ro\/wp-content\/uploads\/2016\/07\/Logo001-copia-2.png\",\"contentUrl\":\"https:\/\/www.hotelambient.ro\/wp-content\/uploads\/2016\/07\/Logo001-copia-2.png\",\"width\":300,\"height\":114,\"caption\":\"Ambient Hotels\"},\"image\":{\"@id\":\"https:\/\/www.hotelambient.ro\/de\/#\/schema\/logo\/image\/\"}}]}<\/script>\n<!-- \/ Yoast SEO plugin. -->","yoast_head_json":{"title":"Bar | Hotel Ambient Brasov - Cazare \u00een centrul ora\u0219ului","robots":{"index":"index","follow":"follow","max-snippet":"max-snippet:-1","max-image-preview":"max-image-preview:large","max-video-preview":"max-video-preview:-1"},"canonical":"https:\/\/www.hotelambient.ro\/de\/gastronomie\/bar\/","og_locale":"de_DE","og_type":"article","og_title":"Bar | Hotel Ambient Brasov - Cazare \u00een centrul ora\u0219ului","og_description":"[vc_row][vc_column][vc_images_carousel images=&#8220;4191,4189,4190,4492,8317&#8243;][\/vc_column][\/vc_row][vc_row css=&#8220;.vc_custom_1468170331662{margin-top: -90px !important;}&#8220;][vc_column][vc_column_text] F\u00dcR EINEN MOMENT DER ENTSPANNUNGAMBIENT BARS Im Bewusstsein, dass die Bar heute eine soziale Funktion und Interaktion und Treffen hat, haben wir ein besonderes Augenmerk auf unsere zwei Bars gestellt, so dass beide eine nicht wiederholbar sinnliche Erfahrungen bieten. Die Haupt-Bar befindet sich neben dem Restaurant und es ist sein rechter Arm, so dass Sie eine Erweiterung des kulinarisches Erlebnis genie\u00dfen k\u00f6nnen. Die zweite ist in der Lobby, neben den Millenia Sitzungen, in denen auf Anfrage, Cocktails f\u00fcr Gesch\u00e4ftstreffen, Produktpr\u00e4sentationen oder andere Veranstaltungen servieren. An Sommertagen k\u00f6nnen Sie ein k\u00f6stliches erfrischenden Cocktail auf unserer sch\u00f6nen Terrasse von 30 Pl\u00e4tzen zu genie\u00dfen. [\/vc_column_text][\/vc_column][\/vc_row][vc_row css=&#8220;.vc_custom_1468181279216{margin-top: -100px !important;}&#8220;][vc_column width=&#8220;1\/4&#8243;][\/vc_column][vc_column width=&#8220;1\/2&#8243;][vc_column_text] Zeitplan unserer Bars [&hellip;]","og_url":"https:\/\/www.hotelambient.ro\/de\/gastronomie\/bar\/","og_site_name":"Hotel Ambient Brasov - Cazare \u00een centrul ora\u0219ului","article_modified_time":"2025-12-08T15:08:05+00:00","twitter_card":"summary_large_image","twitter_misc":{"Gesch\u00e4tzte Lesezeit":"1\u00a0Minute"},"schema":{"@context":"https:\/\/schema.org","@graph":[{"@type":"WebPage","@id":"https:\/\/www.hotelambient.ro\/de\/gastronomie\/bar\/","url":"https:\/\/www.hotelambient.ro\/de\/gastronomie\/bar\/","name":"Bar | Hotel Ambient Brasov - Cazare \u00een centrul ora\u0219ului","isPartOf":{"@id":"https:\/\/www.hotelambient.ro\/de\/#website"},"datePublished":"2016-06-23T09:05:35+00:00","dateModified":"2025-12-08T15:08:05+00:00","breadcrumb":{"@id":"https:\/\/www.hotelambient.ro\/de\/gastronomie\/bar\/#breadcrumb"},"inLanguage":"de","potentialAction":[{"@type":"ReadAction","target":["https:\/\/www.hotelambient.ro\/de\/gastronomie\/bar\/"]}]},{"@type":"BreadcrumbList","@id":"https:\/\/www.hotelambient.ro\/de\/gastronomie\/bar\/#breadcrumb","itemListElement":[{"@type":"ListItem","position":1,"name":"Home","item":"https:\/\/www.hotelambient.ro\/de\/"},{"@type":"ListItem","position":2,"name":"Gastronomie","item":"https:\/\/www.hotelambient.ro\/de\/gastronomie\/"},{"@type":"ListItem","position":3,"name":"Bar"}]},{"@type":"WebSite","@id":"https:\/\/www.hotelambient.ro\/de\/#website","url":"https:\/\/www.hotelambient.ro\/de\/","name":"Hotel Ambient Brasov - Cazare \u00een centrul ora\u0219ului","description":"modern und gem\u00fctlich im Zentrum von Brasov mit allen Annehmlichkeiten, die Sie w\u00e4hrend Ihres Aufenthaltes in der Stadt und besten Hotelzimmern ben\u00f6tigen","publisher":{"@id":"https:\/\/www.hotelambient.ro\/de\/#organization"},"potentialAction":[{"@type":"SearchAction","target":{"@type":"EntryPoint","urlTemplate":"https:\/\/www.hotelambient.ro\/de\/?s={search_term_string}"},"query-input":{"@type":"PropertyValueSpecification","valueRequired":true,"valueName":"search_term_string"}}],"inLanguage":"de"},{"@type":"Organization","@id":"https:\/\/www.hotelambient.ro\/de\/#organization","name":"Ambient Hotels","url":"https:\/\/www.hotelambient.ro\/de\/","logo":{"@type":"ImageObject","inLanguage":"de","@id":"https:\/\/www.hotelambient.ro\/de\/#\/schema\/logo\/image\/","url":"https:\/\/www.hotelambient.ro\/wp-content\/uploads\/2016\/07\/Logo001-copia-2.png","contentUrl":"https:\/\/www.hotelambient.ro\/wp-content\/uploads\/2016\/07\/Logo001-copia-2.png","width":300,"height":114,"caption":"Ambient Hotels"},"image":{"@id":"https:\/\/www.hotelambient.ro\/de\/#\/schema\/logo\/image\/"}}]}},"_links":{"self":[{"href":"https:\/\/www.hotelambient.ro\/de\/wp-json\/wp\/v2\/pages\/9715","targetHints":{"allow":["GET"]}}],"collection":[{"href":"https:\/\/www.hotelambient.ro\/de\/wp-json\/wp\/v2\/pages"}],"about":[{"href":"https:\/\/www.hotelambient.ro\/de\/wp-json\/wp\/v2\/types\/page"}],"author":[{"embeddable":true,"href":"https:\/\/www.hotelambient.ro\/de\/wp-json\/wp\/v2\/users\/1"}],"replies":[{"embeddable":true,"href":"https:\/\/www.hotelambient.ro\/de\/wp-json\/wp\/v2\/comments?post=9715"}],"version-history":[{"count":0,"href":"https:\/\/www.hotelambient.ro\/de\/wp-json\/wp\/v2\/pages\/9715\/revisions"}],"up":[{"embeddable":true,"href":"https:\/\/www.hotelambient.ro\/de\/wp-json\/wp\/v2\/pages\/9818"}],"wp:attachment":[{"href":"https:\/\/www.hotelambient.ro\/de\/wp-json\/wp\/v2\/media?parent=9715"}],"curies":[{"name":"wp","href":"https:\/\/api.w.org\/{rel}","templated":true}]}}